{"id":35,"date":"2015-01-03T22:26:08","date_gmt":"2015-01-03T21:26:08","guid":{"rendered":"https:\/\/bloggcp.wordpress.com\/?page_id=35"},"modified":"2023-03-31T15:18:34","modified_gmt":"2023-03-31T15:18:34","slug":"o-blogu-i-autorze-2","status":"publish","type":"page","link":"https:\/\/bloggcp.pl\/index.php\/o-blogu-i-autorze-2\/","title":{"rendered":"O blogu i autorze"},"content":{"rendered":"<p><strong>Witam w \u015bwiecie bada\u0144 klinicznych<br \/>prowadzonych zgodnie z Dobr\u0105 Praktyk\u0105 Kliniczn\u0105 (ang. Good Cinical Practice \u2013 GCP)<\/strong><\/p>\n<p><strong>\u00a0<\/strong><\/p>\n<p><strong>O autorze<\/strong><\/p>\n<p>Nazywam si\u0119 <strong>Tomasz Kosieradzki.\u00a0\u00a0 <a href=\"http:\/\/pl.linkedin.com\/pub\/tomasz-kosieradzki\/5\/b61\/910\/\" target=\"_blank\" rel=\"noopener noreferrer\">LinkiedIN <\/a><\/strong><br \/>Od wielu lat zajmuj\u0119 si\u0119 wyszukiwaniem i napraw\u0105 s\u0142abych punkt\u00f3w w badaniach klinicznych lek\u00f3w (formalnie: badanych produkt\u00f3w leczniczych). Jestem audytorem GCP (Good Clinical Practice &#8211; Dobra Praktyka Bada\u0144 Klinicznych) i doradc\u0105 ds. jako\u015bci bada\u0144 klinicznych i system\u00f3w zarz\u0105dzania jako\u015bci\u0105 (ang. Quality Management System \u2013 QMS). Prowadz\u0119 w\u0142asn\u0105 firm\u0119\u00a0 <strong>KOSIERADZKI.com<\/strong> i jestem te\u017c odpowidzialny za inicjatyw\u0119 szkoleniow\u0105 <br \/><strong><a href=\"http:\/\/www.academygcp.com\">AcademyGCP.com<\/a>, <\/strong>dzi\u0119ki kt\u00f3rej znajdziecie Pa\u0144stwo mo\u017cliwo\u015b\u0107 zdobycia dodatkowej wiedzy i umiej\u0119tno\u015bci.<\/p>\n<p><strong>O blogu <\/strong><\/p>\n<p>Blog ten jest odpowiedzi\u0105 na pytania jakie cz\u0119sto powtarzaj\u0105 si\u0119 w trakcie prowadzonych przeze mnie szkole\u0144, seminari\u00f3w i wyk\u0142ad\u00f3w.<\/p>\n<p>Podziel\u0119 si\u0119 tutaj moimi spostrze\u017ceniami i do\u015bwiadczeniem zebranym w trakcie pracy dla firm prowadz\u0105cych badania kliniczne na zlecenie (ang. Contract Research Organisation \u2013 CRO) jak i dla firm farmaceutycznych (tzw. sposor\u00f3w). Cho\u0107 w tytule odwo\u0142uj\u0119 si\u0119 do Dobrej Praktyki Bada\u0144 Klinicznych (ang. Good Clinical Practice \u2013 GCP) to tematyka bloga b\u0119dzie wykracza\u0107 poza ten mi\u0119dzynarodowy standard. Opisz\u0119 wszystko, co mnie w badaniach interesuje od system\u00f3w zapewniania jako\u015bci, audyt\u00f3w, inspekcji, prawa, etyki eksperyment\u00f3w medycznych poprzez teorie powstawania i zarz\u0105dzania b\u0142\u0119dami do bezpiecze\u0144stwa farmakoterapii, bada\u0144 lek\u00f3w biologicznych i biopodobnych.<\/p>\n<p><strong>\u00a0<\/strong><\/p>\n<p><strong>Informacja<\/strong><\/p>\n<p>Na blogu <strong>www<\/strong>.<strong>B<\/strong>log<strong>GCP.pl,<\/strong> o ile nie zostanie inaczej to zaznaczone, prezentuj\u0119 wy\u0142\u0105cznie moje pogl\u0105dy. Pogl\u0105dy tu przedstawiane, cho\u0107 nie mo\u017cna wykluczy\u0107, \u017ce czasem mog\u0105 by\u0107 zbie\u017cne z pogl\u0105dami instytucji lub organizacji trzecich, nie s\u0105 i nie b\u0119d\u0105 przez nie inspirowane, zatwierdzane lub sponsorowane.<\/p>\n<p><strong>Komunikacja z autorem<\/strong><\/p>\n<p>Je\u015bli wi\u0119c, czytelniku masz jakie\u015b pytanie z zakresu bada\u0144 klinicznych to ch\u0119tnie na nie odpowiem.<br \/><strong>O co mo\u017cna pyta\u0107? <\/strong>O wszystko co ma zwi\u0105zek z tematyk\u0105 bada\u0144.<br \/>Laik mo\u017ce zapyta\u0107 &#8211; Czy mo\u017cna testowa\u0107 leki na ludziach?<br \/>Profesjonalista zaanga\u017cowany w badania: Jak przygotowa\u0107 si\u0119 do audytu lub inspekcji GCP?<br \/>Uczestnik badania: &#8211; Czy mam prawo do wgl\u0105du do dokumentacji badania?<br \/>Student \u2013 Jak zdoby\u0107 prac\u0119 w badaniach?<br \/>I tak dalej. \u2026\u2026\u2026\u2026\u2026\u2026\u2026\u2026\u2026\u2026.- Tu jest miejsce na TWOJE pytanie.<\/p>\n<p>R\u00f3wnie ch\u0119tnie przedyskutuj\u0119 z tob\u0105 \u201eciekawe i trudne przypadki\u201d, kt\u00f3re spotykasz w swojej pracy. Oczywi\u015bcie pozbawione szczeg\u00f3\u0142\u00f3w biznesowo wa\u017cnych.<\/p>\n<p>Wszelkie komentarze s\u0105 dla mnie bardzo cenne i mile widziane jako \u017ar\u00f3d\u0142o inspiracji, cho\u0107 te obra\u017aliwe i niecenzuralne, je\u015bli si\u0119 pojawi\u0105, b\u0119d\u0119 usuwa\u0107.<\/p>\n<h4><strong>\u00a0<\/strong><\/h4>\n<p><strong>info<\/strong><strong>@kosieradzki.com<\/strong><br \/>Tomasz Kosieradzki<\/p>\n<p><\/p>\n<p>Na blogu wykorzystano zdj\u0119cia nast\u0119puj\u0105cych autor\u00f3w:<\/p>\n<ul>\n<li><a href=\"https:\/\/pixabay.com\/pl\/photos\/wody-spadek-ciecz-powitalny-mokre-1761027\/\" target=\"_blank\" rel=\"noopener noreferrer\">quimono<\/a><\/li>\n<li><a href=\"https:\/\/pixabay.com\/pl\/photos\/warsaw-wsch%C3%B3d-s%C5%82o%C5%84ca-poci%C4%85g-lato-3683714\/\">Biedronka102<\/a><\/li>\n<li><a class=\"hover_opacity\" href=\"https:\/\/pixabay.com\/pl\/users\/free-photos-242387\/\">Free-Photos<\/a><\/li>\n<li>i zrobione przez Nafalski.pl<\/li>\n<\/ul>\n<p>[blog_subscription_form]<\/p>\n\n\n<figure class=\"wp-block-image size-large\"><img loading=\"lazy\" decoding=\"async\" width=\"1024\" height=\"614\" src=\"https:\/\/bloggcp.pl\/wp-content\/uploads\/2021\/10\/TK-best-kadr-czb-Kosi.com-2021-11-1024x614.jpg\" alt=\"\" class=\"wp-image-801\" srcset=\"https:\/\/bloggcp.pl\/wp-content\/uploads\/2021\/10\/TK-best-kadr-czb-Kosi.com-2021-11-1024x614.jpg 1024w, https:\/\/bloggcp.pl\/wp-content\/uploads\/2021\/10\/TK-best-kadr-czb-Kosi.com-2021-11-300x180.jpg 300w, https:\/\/bloggcp.pl\/wp-content\/uploads\/2021\/10\/TK-best-kadr-czb-Kosi.com-2021-11-768x461.jpg 768w, https:\/\/bloggcp.pl\/wp-content\/uploads\/2021\/10\/TK-best-kadr-czb-Kosi.com-2021-11-1536x921.jpg 1536w, https:\/\/bloggcp.pl\/wp-content\/uploads\/2021\/10\/TK-best-kadr-czb-Kosi.com-2021-11-2048x1228.jpg 2048w\" sizes=\"(max-width: 1024px) 100vw, 1024px\" \/><\/figure>\n\n\n\n<p><\/p>\n","protected":false},"excerpt":{"rendered":"<p>Witam w \u015bwiecie bada\u0144 klinicznychprowadzonych zgodnie z Dobr\u0105 Praktyk\u0105 Kliniczn\u0105 (ang. Good Cinical Practice \u2013 GCP) \u00a0 O autorze Nazywam si\u0119 Tomasz Kosieradzki.\u00a0\u00a0 LinkiedIN Od wielu lat zajmuj\u0119 si\u0119 wyszukiwaniem i napraw\u0105 s\u0142abych punkt\u00f3w w badaniach klinicznych lek\u00f3w (formalnie: badanych produkt\u00f3w leczniczych). Jestem audytorem GCP (Good Clinical Practice &#8211; Dobra [&hellip;]<\/p>\n","protected":false},"author":1,"featured_media":0,"parent":0,"menu_order":1,"comment_status":"open","ping_status":"open","template":"","meta":{"footnotes":""},"yoast_head":"<!-- This site is optimized with the Yoast SEO plugin v21.7 - https:\/\/yoast.com\/wordpress\/plugins\/seo\/ -->\n<title>O blogu i autorze - KOSIERADZKI.com<\/title>\n<meta name=\"robots\" content=\"index, follow, max-snippet:-1, max-image-preview:large, max-video-preview:-1\" \/>\n<link rel=\"canonical\" href=\"https:\/\/bloggcp.pl\/index.php\/o-blogu-i-autorze-2\/\" \/>\n<meta property=\"og:locale\" content=\"pl_PL\" \/>\n<meta property=\"og:type\" content=\"article\" \/>\n<meta property=\"og:title\" content=\"O blogu i autorze - KOSIERADZKI.com\" \/>\n<meta property=\"og:description\" content=\"Witam w \u015bwiecie bada\u0144 klinicznychprowadzonych zgodnie z Dobr\u0105 Praktyk\u0105 Kliniczn\u0105 (ang. Good Cinical Practice \u2013 GCP) \u00a0 O autorze Nazywam si\u0119 Tomasz Kosieradzki.\u00a0\u00a0 LinkiedIN Od wielu lat zajmuj\u0119 si\u0119 wyszukiwaniem i napraw\u0105 s\u0142abych punkt\u00f3w w badaniach klinicznych lek\u00f3w (formalnie: badanych produkt\u00f3w leczniczych). Jestem audytorem GCP (Good Clinical Practice &#8211; Dobra [&hellip;]\" \/>\n<meta property=\"og:url\" content=\"https:\/\/bloggcp.pl\/index.php\/o-blogu-i-autorze-2\/\" \/>\n<meta property=\"og:site_name\" content=\"KOSIERADZKI.com\" \/>\n<meta property=\"article:publisher\" content=\"https:\/\/www.facebook.com\/Blog-GCP-pl-110072137560952\" \/>\n<meta property=\"article:modified_time\" content=\"2023-03-31T15:18:34+00:00\" \/>\n<meta property=\"og:image\" content=\"https:\/\/bloggcp.pl\/wp-content\/uploads\/2021\/10\/TK-best-kadr-czb-Kosi.com-2021-11-1024x614.jpg\" \/>\n<meta name=\"twitter:card\" content=\"summary_large_image\" \/>\n<meta name=\"twitter:label1\" content=\"Szacowany czas czytania\" \/>\n\t<meta name=\"twitter:data1\" content=\"2 minuty\" \/>\n<script type=\"application\/ld+json\" class=\"yoast-schema-graph\">{\"@context\":\"https:\/\/schema.org\",\"@graph\":[{\"@type\":\"WebPage\",\"@id\":\"https:\/\/bloggcp.pl\/index.php\/o-blogu-i-autorze-2\/\",\"url\":\"https:\/\/bloggcp.pl\/index.php\/o-blogu-i-autorze-2\/\",\"name\":\"O blogu i autorze - KOSIERADZKI.com\",\"isPartOf\":{\"@id\":\"https:\/\/bloggcp.pl\/#website\"},\"datePublished\":\"2015-01-03T21:26:08+00:00\",\"dateModified\":\"2023-03-31T15:18:34+00:00\",\"breadcrumb\":{\"@id\":\"https:\/\/bloggcp.pl\/index.php\/o-blogu-i-autorze-2\/#breadcrumb\"},\"inLanguage\":\"pl-PL\",\"potentialAction\":[{\"@type\":\"ReadAction\",\"target\":[\"https:\/\/bloggcp.pl\/index.php\/o-blogu-i-autorze-2\/\"]}]},{\"@type\":\"BreadcrumbList\",\"@id\":\"https:\/\/bloggcp.pl\/index.php\/o-blogu-i-autorze-2\/#breadcrumb\",\"itemListElement\":[{\"@type\":\"ListItem\",\"position\":1,\"name\":\"Strona g\u0142\u00f3wna\",\"item\":\"https:\/\/bloggcp.pl\/\"},{\"@type\":\"ListItem\",\"position\":2,\"name\":\"O blogu i autorze\"}]},{\"@type\":\"WebSite\",\"@id\":\"https:\/\/bloggcp.pl\/#website\",\"url\":\"https:\/\/bloggcp.pl\/\",\"name\":\"AkademiaGCP.pl poleca\",\"description\":\"Dobra Praktyka Bada\u0144  Klinicznych - Good Clinical Practice\",\"publisher\":{\"@id\":\"https:\/\/bloggcp.pl\/#organization\"},\"potentialAction\":[{\"@type\":\"SearchAction\",\"target\":{\"@type\":\"EntryPoint\",\"urlTemplate\":\"https:\/\/bloggcp.pl\/?s={search_term_string}\"},\"query-input\":\"required name=search_term_string\"}],\"inLanguage\":\"pl-PL\"},{\"@type\":\"Organization\",\"@id\":\"https:\/\/bloggcp.pl\/#organization\",\"name\":\"BlogGCP.pl\",\"url\":\"https:\/\/bloggcp.pl\/\",\"logo\":{\"@type\":\"ImageObject\",\"inLanguage\":\"pl-PL\",\"@id\":\"https:\/\/bloggcp.pl\/#\/schema\/logo\/image\/\",\"url\":\"https:\/\/bloggcp.pl\/wp-content\/uploads\/2020\/10\/Blog-GCP-main-02a-2020-10-25.png\",\"contentUrl\":\"https:\/\/bloggcp.pl\/wp-content\/uploads\/2020\/10\/Blog-GCP-main-02a-2020-10-25.png\",\"width\":2209,\"height\":873,\"caption\":\"BlogGCP.pl\"},\"image\":{\"@id\":\"https:\/\/bloggcp.pl\/#\/schema\/logo\/image\/\"},\"sameAs\":[\"https:\/\/www.facebook.com\/Blog-GCP-pl-110072137560952\",\"https:\/\/www.linkedin.com\/in\/tomaszkosieradzki\/\"]}]}<\/script>\n<!-- \/ Yoast SEO plugin. -->","yoast_head_json":{"title":"O blogu i autorze - KOSIERADZKI.com","robots":{"index":"index","follow":"follow","max-snippet":"max-snippet:-1","max-image-preview":"max-image-preview:large","max-video-preview":"max-video-preview:-1"},"canonical":"https:\/\/bloggcp.pl\/index.php\/o-blogu-i-autorze-2\/","og_locale":"pl_PL","og_type":"article","og_title":"O blogu i autorze - KOSIERADZKI.com","og_description":"Witam w \u015bwiecie bada\u0144 klinicznychprowadzonych zgodnie z Dobr\u0105 Praktyk\u0105 Kliniczn\u0105 (ang. Good Cinical Practice \u2013 GCP) \u00a0 O autorze Nazywam si\u0119 Tomasz Kosieradzki.\u00a0\u00a0 LinkiedIN Od wielu lat zajmuj\u0119 si\u0119 wyszukiwaniem i napraw\u0105 s\u0142abych punkt\u00f3w w badaniach klinicznych lek\u00f3w (formalnie: badanych produkt\u00f3w leczniczych). Jestem audytorem GCP (Good Clinical Practice &#8211; Dobra [&hellip;]","og_url":"https:\/\/bloggcp.pl\/index.php\/o-blogu-i-autorze-2\/","og_site_name":"KOSIERADZKI.com","article_publisher":"https:\/\/www.facebook.com\/Blog-GCP-pl-110072137560952","article_modified_time":"2023-03-31T15:18:34+00:00","og_image":[{"url":"https:\/\/bloggcp.pl\/wp-content\/uploads\/2021\/10\/TK-best-kadr-czb-Kosi.com-2021-11-1024x614.jpg"}],"twitter_card":"summary_large_image","twitter_misc":{"Szacowany czas czytania":"2 minuty"},"schema":{"@context":"https:\/\/schema.org","@graph":[{"@type":"WebPage","@id":"https:\/\/bloggcp.pl\/index.php\/o-blogu-i-autorze-2\/","url":"https:\/\/bloggcp.pl\/index.php\/o-blogu-i-autorze-2\/","name":"O blogu i autorze - KOSIERADZKI.com","isPartOf":{"@id":"https:\/\/bloggcp.pl\/#website"},"datePublished":"2015-01-03T21:26:08+00:00","dateModified":"2023-03-31T15:18:34+00:00","breadcrumb":{"@id":"https:\/\/bloggcp.pl\/index.php\/o-blogu-i-autorze-2\/#breadcrumb"},"inLanguage":"pl-PL","potentialAction":[{"@type":"ReadAction","target":["https:\/\/bloggcp.pl\/index.php\/o-blogu-i-autorze-2\/"]}]},{"@type":"BreadcrumbList","@id":"https:\/\/bloggcp.pl\/index.php\/o-blogu-i-autorze-2\/#breadcrumb","itemListElement":[{"@type":"ListItem","position":1,"name":"Strona g\u0142\u00f3wna","item":"https:\/\/bloggcp.pl\/"},{"@type":"ListItem","position":2,"name":"O blogu i autorze"}]},{"@type":"WebSite","@id":"https:\/\/bloggcp.pl\/#website","url":"https:\/\/bloggcp.pl\/","name":"AkademiaGCP.pl poleca","description":"Dobra Praktyka Bada\u0144  Klinicznych - Good Clinical Practice","publisher":{"@id":"https:\/\/bloggcp.pl\/#organization"},"potentialAction":[{"@type":"SearchAction","target":{"@type":"EntryPoint","urlTemplate":"https:\/\/bloggcp.pl\/?s={search_term_string}"},"query-input":"required name=search_term_string"}],"inLanguage":"pl-PL"},{"@type":"Organization","@id":"https:\/\/bloggcp.pl\/#organization","name":"BlogGCP.pl","url":"https:\/\/bloggcp.pl\/","logo":{"@type":"ImageObject","inLanguage":"pl-PL","@id":"https:\/\/bloggcp.pl\/#\/schema\/logo\/image\/","url":"https:\/\/bloggcp.pl\/wp-content\/uploads\/2020\/10\/Blog-GCP-main-02a-2020-10-25.png","contentUrl":"https:\/\/bloggcp.pl\/wp-content\/uploads\/2020\/10\/Blog-GCP-main-02a-2020-10-25.png","width":2209,"height":873,"caption":"BlogGCP.pl"},"image":{"@id":"https:\/\/bloggcp.pl\/#\/schema\/logo\/image\/"},"sameAs":["https:\/\/www.facebook.com\/Blog-GCP-pl-110072137560952","https:\/\/www.linkedin.com\/in\/tomaszkosieradzki\/"]}]}},"_links":{"self":[{"href":"https:\/\/bloggcp.pl\/index.php\/wp-json\/wp\/v2\/pages\/35"}],"collection":[{"href":"https:\/\/bloggcp.pl\/index.php\/wp-json\/wp\/v2\/pages"}],"about":[{"href":"https:\/\/bloggcp.pl\/index.php\/wp-json\/wp\/v2\/types\/page"}],"author":[{"embeddable":true,"href":"https:\/\/bloggcp.pl\/index.php\/wp-json\/wp\/v2\/users\/1"}],"replies":[{"embeddable":true,"href":"https:\/\/bloggcp.pl\/index.php\/wp-json\/wp\/v2\/comments?post=35"}],"version-history":[{"count":8,"href":"https:\/\/bloggcp.pl\/index.php\/wp-json\/wp\/v2\/pages\/35\/revisions"}],"predecessor-version":[{"id":825,"href":"https:\/\/bloggcp.pl\/index.php\/wp-json\/wp\/v2\/pages\/35\/revisions\/825"}],"wp:attachment":[{"href":"https:\/\/bloggcp.pl\/index.php\/wp-json\/wp\/v2\/media?parent=35"}],"curies":[{"name":"wp","href":"https:\/\/api.w.org\/{rel}","templated":true}]}}