{"id":29,"date":"2015-01-03T22:25:50","date_gmt":"2015-01-03T21:25:50","guid":{"rendered":"https:\/\/bloggcp.wordpress.com\/?page_id=29"},"modified":"2015-01-03T22:25:50","modified_gmt":"2015-01-03T21:25:50","slug":"linki-do-portali-o-bk","status":"publish","type":"page","link":"https:\/\/bloggcp.pl\/index.php\/linki-do-portali-o-bk\/","title":{"rendered":"Linki do portali o BK"},"content":{"rendered":"<h4><a name=\"_Toc407632751\"><\/a>\u0179r\u00f3d\u0142a wiedzy o badaniach klinicznych,<\/h4>\n<ol>\n<li><strong><span style=\"color:#ff0000;\"><a style=\"color:#ff0000;\" href=\"http:\/\/www.ich.org\/home.html\">ICH \u2013 International Conference of Harmonisation<\/a><\/span><\/strong> Organizacja mi\u0119dzynarodowa zrzeszaj\u0105ca r\u00f3\u017cne instytucje, w tym r\u00f3wnie\u017c rz\u0105dowe, kt\u00f3rej celem jest harmonizacja zasad prowadzenia bada\u0144 klinicznych. Wprowadzi\u0142a tzw. \u201ez\u0142oty standard\u201d tj. <strong><span style=\"color:#ff0000;\"><a style=\"color:#ff0000;\" href=\"http:\/\/www.ich.org\/fileadmin\/Public_Web_Site\/ICH_Products\/Guidelines\/Efficacy\/E6\/E6_R1_Guideline.pdf\">Dobr\u0105 Praktyk\u0119 Bada\u0144 Klinicznych<\/a><\/span><\/strong> (ang. Good Clinical Practice \u2013 GCP).<\/li>\n<li>Dobrym \u017ar\u00f3d\u0142em informacji s\u0105 strony o badaniach prowadzone przez instytucje rz\u0105dowe :- Zjednoczone Kr\u00f3lestwo (UK) &#8211; Medicines and Healthcare Products Regulatory Agency &#8211; <strong><span style=\"color:#ff0000;\"><a style=\"color:#ff0000;\" href=\"http:\/\/www.mhra.gov.uk\/Howweregulate\/Medicines\/Licensingofmedicines\/Clinicaltrials\/\">MHRA \u2013 Clinical Trials for medicines<\/a><\/span><\/strong><span style=\"color:#ff0000;\"><strong>&#8211; <a style=\"color:#ff0000;\" href=\"http:\/\/www.nih.gov\/health\/clinicaltrials\/basics.htm\">National Institutes of Health<\/a> <a style=\"color:#ff0000;\" href=\"http:\/\/www.nih.gov\/health\/clinicaltrials\/basics.htm\">http:\/\/www.nih.gov\/health\/clinicaltrials\/basics.htm<\/a><\/strong><\/span>Trzeba jednak pami\u0119ta\u0107, \u017ce pewne wymagania i elementy mog\u0105 by\u0107 krajowym rozwi\u0105zaniem, odwo\u0142uj\u0105cym si\u0119 do prawa krajowego i nie mie\u0107 zastosowania w innych krajach ni\u017c kraj instytucji.<\/li>\n<li>Bardzo warto\u015bciow\u0105 stron\u0105 jest <span style=\"color:#ff0000;\"><strong><a style=\"color:#ff0000;\" href=\"CT-Toolkit.ac.uk\">CT-Toolkit.ac.uk<\/a><\/strong><\/span> gdzie mo\u017cna znale\u017a\u0107 <strong><span style=\"color:#ff0000;\">\u201e<a style=\"color:#ff0000;\" href=\"http:\/\/www.ct-toolkit.ac.uk\/routemap\">map\u0119<\/a>\u201d<\/span><\/strong> BK przypominaj\u0105c\u0105 <a href=\"http:\/\/www.ct-toolkit.ac.uk\/routemap\">map\u0119<\/a> stacji metra. Po klikni\u0119ciu na tak\u0105 tematyczn\u0105 stacj\u0119 dotrzemy do opisu zagadnienia z odniesieniem do materia\u0142\u00f3w referencyjnych i pi\u015bmiennictwa. Nale\u017cy jednak zwr\u00f3ci\u0107 uwag\u0119 na to i\u017c strona jest stron\u0105 Brytyjsk\u0105 i referuje w du\u017cej mierze do szczeg\u00f3\u0142owych przepis\u00f3w reguluj\u0105cych badania w UK. Rozr\u00f3\u017cnienie pomi\u0119dzy wytycznymi a prawem UK jest bardzo wyra\u017ane. Strona ta jest g\u0142\u00f3wnie skierowana dla ludzi zaanga\u017cowanych w BK sponsorowane ze \u015brodk\u00f3w publicznych.<\/li>\n<li>Niezrozumia\u0142e poj\u0119cia mo\u017cna wyja\u015bni\u0107 przy pomocy s\u0142ownik\u00f3w<span style=\"color:#ff0000;\"><strong><a style=\"color:#ff0000;\" href=\"http:\/\/www.appliedclinicaltrialsonline.com\/cdisc-clinical-research-glossary\">CDISC Clinical Research Glossary<\/a><\/strong><\/span> lub <strong><span style=\"color:#ff0000;\"><a style=\"color:#ff0000;\" href=\"https:\/\/clinicaltrials.gov\/ct2\/about-studies\/glossary\">Glossary of Common Site Terms<\/a><\/span><\/strong><\/li>\n<li>O nowo\u015bciach i trendach w BK mo\u017cna przeczyta\u0107 w czasopi\u015bmie <strong><span style=\"color:#ff0000;\"><a style=\"color:#ff0000;\" href=\"http:\/\/www.appliedclinicaltrialsonline.com\/\">Applied Clinical Trials<\/a><\/span><\/strong><\/li>\n<li><strong><a style=\"color:#ff0000;\" href=\"https:\/\/www.clinicalresearch.pitt.edu\/Content\/docs\/Comparison_of_Clinical_Trial_Phases.pdf\">Tabela podsumowuj\u0105ca fazy (1-4)\u00a0 bada\u0144 kliniczych<\/a><\/strong>. Czytelnie rozpisane poszczeg\u00f3lne elementy r\u00f3\u017cni\u0105ce ka\u017cd\u0105 z faz.<\/li>\n<\/ol>\n","protected":false},"excerpt":{"rendered":"<p>\u0179r\u00f3d\u0142a wiedzy o badaniach klinicznych, ICH \u2013 International Conference of Harmonisation Organizacja mi\u0119dzynarodowa zrzeszaj\u0105ca r\u00f3\u017cne instytucje, w tym r\u00f3wnie\u017c rz\u0105dowe, kt\u00f3rej celem jest harmonizacja zasad prowadzenia bada\u0144 klinicznych. Wprowadzi\u0142a tzw. \u201ez\u0142oty standard\u201d tj. Dobr\u0105 Praktyk\u0119 Bada\u0144 Klinicznych (ang. Good Clinical Practice \u2013 GCP). Dobrym \u017ar\u00f3d\u0142em informacji s\u0105 strony o badaniach [&hellip;]<\/p>\n","protected":false},"author":1,"featured_media":0,"parent":0,"menu_order":0,"comment_status":"open","ping_status":"open","template":"","meta":{"footnotes":""},"yoast_head":"<!-- This site is optimized with the Yoast SEO plugin v21.7 - https:\/\/yoast.com\/wordpress\/plugins\/seo\/ -->\n<title>Linki do portali o BK - KOSIERADZKI.com<\/title>\n<meta name=\"robots\" content=\"index, follow, max-snippet:-1, max-image-preview:large, max-video-preview:-1\" \/>\n<link rel=\"canonical\" href=\"https:\/\/bloggcp.pl\/index.php\/linki-do-portali-o-bk\/\" \/>\n<meta property=\"og:locale\" content=\"pl_PL\" \/>\n<meta property=\"og:type\" content=\"article\" \/>\n<meta property=\"og:title\" content=\"Linki do portali o BK - KOSIERADZKI.com\" \/>\n<meta property=\"og:description\" content=\"\u0179r\u00f3d\u0142a wiedzy o badaniach klinicznych, ICH \u2013 International Conference of Harmonisation Organizacja mi\u0119dzynarodowa zrzeszaj\u0105ca r\u00f3\u017cne instytucje, w tym r\u00f3wnie\u017c rz\u0105dowe, kt\u00f3rej celem jest harmonizacja zasad prowadzenia bada\u0144 klinicznych. Wprowadzi\u0142a tzw. \u201ez\u0142oty standard\u201d tj. Dobr\u0105 Praktyk\u0119 Bada\u0144 Klinicznych (ang. Good Clinical Practice \u2013 GCP). Dobrym \u017ar\u00f3d\u0142em informacji s\u0105 strony o badaniach [&hellip;]\" \/>\n<meta property=\"og:url\" content=\"https:\/\/bloggcp.pl\/index.php\/linki-do-portali-o-bk\/\" \/>\n<meta property=\"og:site_name\" content=\"KOSIERADZKI.com\" \/>\n<meta property=\"article:publisher\" content=\"https:\/\/www.facebook.com\/Blog-GCP-pl-110072137560952\" \/>\n<meta name=\"twitter:card\" content=\"summary_large_image\" \/>\n<meta name=\"twitter:label1\" content=\"Szacowany czas czytania\" \/>\n\t<meta name=\"twitter:data1\" content=\"1 minuta\" \/>\n<script type=\"application\/ld+json\" class=\"yoast-schema-graph\">{\"@context\":\"https:\/\/schema.org\",\"@graph\":[{\"@type\":\"WebPage\",\"@id\":\"https:\/\/bloggcp.pl\/index.php\/linki-do-portali-o-bk\/\",\"url\":\"https:\/\/bloggcp.pl\/index.php\/linki-do-portali-o-bk\/\",\"name\":\"Linki do portali o BK - KOSIERADZKI.com\",\"isPartOf\":{\"@id\":\"https:\/\/bloggcp.pl\/#website\"},\"datePublished\":\"2015-01-03T21:25:50+00:00\",\"dateModified\":\"2015-01-03T21:25:50+00:00\",\"breadcrumb\":{\"@id\":\"https:\/\/bloggcp.pl\/index.php\/linki-do-portali-o-bk\/#breadcrumb\"},\"inLanguage\":\"pl-PL\",\"potentialAction\":[{\"@type\":\"ReadAction\",\"target\":[\"https:\/\/bloggcp.pl\/index.php\/linki-do-portali-o-bk\/\"]}]},{\"@type\":\"BreadcrumbList\",\"@id\":\"https:\/\/bloggcp.pl\/index.php\/linki-do-portali-o-bk\/#breadcrumb\",\"itemListElement\":[{\"@type\":\"ListItem\",\"position\":1,\"name\":\"Strona g\u0142\u00f3wna\",\"item\":\"https:\/\/bloggcp.pl\/\"},{\"@type\":\"ListItem\",\"position\":2,\"name\":\"Linki do portali o BK\"}]},{\"@type\":\"WebSite\",\"@id\":\"https:\/\/bloggcp.pl\/#website\",\"url\":\"https:\/\/bloggcp.pl\/\",\"name\":\"AkademiaGCP.pl poleca\",\"description\":\"Dobra Praktyka Bada\u0144  Klinicznych - Good Clinical Practice\",\"publisher\":{\"@id\":\"https:\/\/bloggcp.pl\/#organization\"},\"potentialAction\":[{\"@type\":\"SearchAction\",\"target\":{\"@type\":\"EntryPoint\",\"urlTemplate\":\"https:\/\/bloggcp.pl\/?s={search_term_string}\"},\"query-input\":\"required name=search_term_string\"}],\"inLanguage\":\"pl-PL\"},{\"@type\":\"Organization\",\"@id\":\"https:\/\/bloggcp.pl\/#organization\",\"name\":\"BlogGCP.pl\",\"url\":\"https:\/\/bloggcp.pl\/\",\"logo\":{\"@type\":\"ImageObject\",\"inLanguage\":\"pl-PL\",\"@id\":\"https:\/\/bloggcp.pl\/#\/schema\/logo\/image\/\",\"url\":\"https:\/\/bloggcp.pl\/wp-content\/uploads\/2020\/10\/Blog-GCP-main-02a-2020-10-25.png\",\"contentUrl\":\"https:\/\/bloggcp.pl\/wp-content\/uploads\/2020\/10\/Blog-GCP-main-02a-2020-10-25.png\",\"width\":2209,\"height\":873,\"caption\":\"BlogGCP.pl\"},\"image\":{\"@id\":\"https:\/\/bloggcp.pl\/#\/schema\/logo\/image\/\"},\"sameAs\":[\"https:\/\/www.facebook.com\/Blog-GCP-pl-110072137560952\",\"https:\/\/www.linkedin.com\/in\/tomaszkosieradzki\/\"]}]}<\/script>\n<!-- \/ Yoast SEO plugin. -->","yoast_head_json":{"title":"Linki do portali o BK - KOSIERADZKI.com","robots":{"index":"index","follow":"follow","max-snippet":"max-snippet:-1","max-image-preview":"max-image-preview:large","max-video-preview":"max-video-preview:-1"},"canonical":"https:\/\/bloggcp.pl\/index.php\/linki-do-portali-o-bk\/","og_locale":"pl_PL","og_type":"article","og_title":"Linki do portali o BK - KOSIERADZKI.com","og_description":"\u0179r\u00f3d\u0142a wiedzy o badaniach klinicznych, ICH \u2013 International Conference of Harmonisation Organizacja mi\u0119dzynarodowa zrzeszaj\u0105ca r\u00f3\u017cne instytucje, w tym r\u00f3wnie\u017c rz\u0105dowe, kt\u00f3rej celem jest harmonizacja zasad prowadzenia bada\u0144 klinicznych. Wprowadzi\u0142a tzw. \u201ez\u0142oty standard\u201d tj. Dobr\u0105 Praktyk\u0119 Bada\u0144 Klinicznych (ang. Good Clinical Practice \u2013 GCP). Dobrym \u017ar\u00f3d\u0142em informacji s\u0105 strony o badaniach [&hellip;]","og_url":"https:\/\/bloggcp.pl\/index.php\/linki-do-portali-o-bk\/","og_site_name":"KOSIERADZKI.com","article_publisher":"https:\/\/www.facebook.com\/Blog-GCP-pl-110072137560952","twitter_card":"summary_large_image","twitter_misc":{"Szacowany czas czytania":"1 minuta"},"schema":{"@context":"https:\/\/schema.org","@graph":[{"@type":"WebPage","@id":"https:\/\/bloggcp.pl\/index.php\/linki-do-portali-o-bk\/","url":"https:\/\/bloggcp.pl\/index.php\/linki-do-portali-o-bk\/","name":"Linki do portali o BK - KOSIERADZKI.com","isPartOf":{"@id":"https:\/\/bloggcp.pl\/#website"},"datePublished":"2015-01-03T21:25:50+00:00","dateModified":"2015-01-03T21:25:50+00:00","breadcrumb":{"@id":"https:\/\/bloggcp.pl\/index.php\/linki-do-portali-o-bk\/#breadcrumb"},"inLanguage":"pl-PL","potentialAction":[{"@type":"ReadAction","target":["https:\/\/bloggcp.pl\/index.php\/linki-do-portali-o-bk\/"]}]},{"@type":"BreadcrumbList","@id":"https:\/\/bloggcp.pl\/index.php\/linki-do-portali-o-bk\/#breadcrumb","itemListElement":[{"@type":"ListItem","position":1,"name":"Strona g\u0142\u00f3wna","item":"https:\/\/bloggcp.pl\/"},{"@type":"ListItem","position":2,"name":"Linki do portali o BK"}]},{"@type":"WebSite","@id":"https:\/\/bloggcp.pl\/#website","url":"https:\/\/bloggcp.pl\/","name":"AkademiaGCP.pl poleca","description":"Dobra Praktyka Bada\u0144  Klinicznych - Good Clinical Practice","publisher":{"@id":"https:\/\/bloggcp.pl\/#organization"},"potentialAction":[{"@type":"SearchAction","target":{"@type":"EntryPoint","urlTemplate":"https:\/\/bloggcp.pl\/?s={search_term_string}"},"query-input":"required name=search_term_string"}],"inLanguage":"pl-PL"},{"@type":"Organization","@id":"https:\/\/bloggcp.pl\/#organization","name":"BlogGCP.pl","url":"https:\/\/bloggcp.pl\/","logo":{"@type":"ImageObject","inLanguage":"pl-PL","@id":"https:\/\/bloggcp.pl\/#\/schema\/logo\/image\/","url":"https:\/\/bloggcp.pl\/wp-content\/uploads\/2020\/10\/Blog-GCP-main-02a-2020-10-25.png","contentUrl":"https:\/\/bloggcp.pl\/wp-content\/uploads\/2020\/10\/Blog-GCP-main-02a-2020-10-25.png","width":2209,"height":873,"caption":"BlogGCP.pl"},"image":{"@id":"https:\/\/bloggcp.pl\/#\/schema\/logo\/image\/"},"sameAs":["https:\/\/www.facebook.com\/Blog-GCP-pl-110072137560952","https:\/\/www.linkedin.com\/in\/tomaszkosieradzki\/"]}]}},"_links":{"self":[{"href":"https:\/\/bloggcp.pl\/index.php\/wp-json\/wp\/v2\/pages\/29"}],"collection":[{"href":"https:\/\/bloggcp.pl\/index.php\/wp-json\/wp\/v2\/pages"}],"about":[{"href":"https:\/\/bloggcp.pl\/index.php\/wp-json\/wp\/v2\/types\/page"}],"author":[{"embeddable":true,"href":"https:\/\/bloggcp.pl\/index.php\/wp-json\/wp\/v2\/users\/1"}],"replies":[{"embeddable":true,"href":"https:\/\/bloggcp.pl\/index.php\/wp-json\/wp\/v2\/comments?post=29"}],"version-history":[{"count":0,"href":"https:\/\/bloggcp.pl\/index.php\/wp-json\/wp\/v2\/pages\/29\/revisions"}],"wp:attachment":[{"href":"https:\/\/bloggcp.pl\/index.php\/wp-json\/wp\/v2\/media?parent=29"}],"curies":[{"name":"wp","href":"https:\/\/api.w.org\/{rel}","templated":true}]}}